{"id":271,"date":"2019-07-13T08:35:34","date_gmt":"2019-07-13T08:35:34","guid":{"rendered":"https:\/\/capepa.es\/politica-de-privacidad\/"},"modified":"2020-12-14T10:27:03","modified_gmt":"2020-12-14T10:27:03","slug":"politica-de-privacidad","status":"publish","type":"page","link":"https:\/\/capepa.es\/en\/politica-de-privacidad\/","title":{"rendered":"Pol\u00edtica de privacidad y Aviso legal"},"content":{"rendered":"<p><\/p>\r\n<p><strong>Pol\u00edtica de privacidad y Aviso legal<\/strong><\/p>\r\n<p><strong>1. Pol\u00edtica de Privacidad<\/strong>\u00a0<br \/>Restaurante Casa Pepa, como Responsable del Tratamiento, le informa que, seg\u00fan lo dispuesto en el Reglamento (UE) 2016\/679, de 27 de abril 2016, (RGPD) y en la L.O. 3\/2018, de 5 de diciembre, de protecci\u00f3n de datos y garant\u00eda de los derechos digitales (LOPDGDD), trataremos su datos tal y como reflejamos en la presente Pol\u00edtica de Privacidad.<br \/>En esta Pol\u00edtica de Privacidad describimos c\u00f3mo recogemos sus datos personales y por qu\u00e9 los recogemos, qu\u00e9 hacemos con ellos, con qui\u00e9n los compartimos, c\u00f3mo los protegemos y sus opciones en cuanto al tratamiento de sus datos personales.<br \/>Esta Pol\u00edtica se aplica al tratamiento de sus datos personales recogidos por la empresa para la prestaci\u00f3n de sus servicios. Si acepta las medidas de esta Pol\u00edtica, acepta que tratemos sus datos personales como se define en esta Pol\u00edtica.<\/p>\r\n<p>Denominaci\u00f3n social:\u00a0Restaurante BonAmb, s.l.<br \/>Nombre comercial:\u00a0Restaurante Casa Pepa <br \/>CIF:\u00a0B54492640<br \/>Domicilio:\u00a0Partida Pamis, 7-30. 03760 Ondara, Alicante.<br \/>e-mail:\u00a0reservas@capepa.es<\/p>\r\n<p><strong>1.2 Finalidad<br \/><\/strong>Trataremos sus datos de car\u00e1cter personal facilitados para poder contestar a sus env\u00edos de formularios a trav\u00e9s de la web, para recibir reservas e informar sobre reservas en nuestro restaurante, para vender y enviar bonos regalos.<\/p>\r\n<p><strong>1.3 Conservaci\u00f3n de datos<br \/><\/strong>Los datos personales proporcionados se conservar\u00e1n durante el tiempo necesario para cumplir con la finalidad para la que se recaban y para determinar las posibles responsabilidades que se pudieran derivar de la finalidad, adem\u00e1s de los per\u00edodos establecidos en la normativa de archivos y documentaci\u00f3n.<\/p>\r\n<p><strong>1.4. Recogida y Uso de la informaci\u00f3n<\/strong>\u00a0<br \/>Al facilitarnos sus datos de car\u00e1cter personal en el Sitio Web, est\u00e1 expresando su aceptaci\u00f3n al tratamiento y comunicaci\u00f3n de sus datos personales en la forma contemplada en esta Pol\u00edtica sobre Tratamiento de Datos Personales. Si prefiere que Restaurante Casa Pepa no recabe informaci\u00f3n personal acerca de usted, rogamos que no nos la facilite. Restaurante Casa Pepa podr\u00e1 usar la informaci\u00f3n de car\u00e1cter personal que nos facilite de forma disociada (sin identificaci\u00f3n personal) para fines internos, como puede ser la elaboraci\u00f3n de estad\u00edsticas. As\u00ed, Restaurante Casa Pepa podr\u00e1 recabar, almacenar o acumular determinada informaci\u00f3n de car\u00e1cter no personal referente a su uso del Sitio Web, como por ejemplo aquella informaci\u00f3n que indique cuales de nuestras p\u00e1ginas son m\u00e1s populares. Podr\u00e1 ejercer el derecho de Acceso, Rectificaci\u00f3n, Cancelaci\u00f3n y Oposici\u00f3n de sus datos de car\u00e1cter personal al correo reservas@capepa.es.<\/p>\r\n<p><strong>1.5 Comunicaci\u00f3n de datos personales<\/strong><br \/>Los datos pueden ser comunicados a empresas relacionadas con Casa Pepa para la prestaci\u00f3n de los diversos servicios en calidad de Encargados del Tratamiento. La empresa no realizar\u00e1 ninguna cesi\u00f3n, salvo por obligaci\u00f3n legal.<\/p>\r\n<p><strong>2. Pol\u00edtica de Cookies<\/strong>\u00a0<br \/>Las cookies son archivos que se pueden descargar en su equipo a trav\u00e9s de las p\u00e1ginas web. Permiten a una p\u00e1gina web almacenar y recuperar informaci\u00f3n sobre los h\u00e1bitos de navegaci\u00f3n de un usuario o de su equipo y, dependiendo de la informaci\u00f3n obtenida, se pueden utilizar para reconocer al usuario y mejorar el servicio ofrecido.\u00a0Tambi\u00e9n recogemos de forma autom\u00e1tica datos sobre su visita a nuestro sitio web\u00a0seg\u00fan se describe en la <a href=\"https:\/\/capepa.es\/politica-de-cookies\/\">pol\u00edtica de cookies<\/a>.<br \/>Si rechaza las cookies podr\u00e1 seguir usando el Sitio Web, si bien ello podr\u00e1 suponer la limitaci\u00f3n en el uso de algunas de las prestaciones o impedir el buen funcionamiento del Sitio Web.\u00a0<br \/><br \/><strong>3. Condiciones de uso del Sitio Web<\/strong>\u00a0<br \/><strong>3.1 General<\/strong>\u00a0<br \/>El Usuario se obliga a hacer un uso correcto del Sitio Web de conformidad con la Ley y el presente Aviso Legal. El Usuario responder\u00e1 frente a Restaurante Casa Pepa de dicha obligaci\u00f3n. Queda expresamente prohibido el uso del Sitio con fines lesivos de bienes o intereses de Restaurante Casa Pepa o de terceros o que de cualquier otra forma sobrecarguen, en o inutilicen las redes, servidores y dem\u00e1s equipos inform\u00e1ticos (hardware) o productos y aplicaciones inform\u00e1ticas (software) de Restaurante Casa Pepa o de terceros.\u00a0<br \/><br \/><strong>3.2. Enlaces<\/strong>\u00a0<br \/>El Sitio Web podr\u00e1 contener enlaces a o desde otros sitios web. Debe saber que Restaurante Casa Pepa no se responsabiliza de las pr\u00e1cticas que, en materia de tratamiento de datos personales, siguen otros sitios web. La presente Pol\u00edtica sobre Tratamiento de Datos Personales es de aplicaci\u00f3n solamente a la informaci\u00f3n que recabamos en el Sitio Web. Le aconsejamos leer las pol\u00edticas sobre tratamiento de datos personales de otros sitios web con los que enlace a o desde nuestro Sitio Web o que visite de otra forma.\u00a0<br \/><br \/><strong>4. Contenidos, propiedad intelectual e industrial<\/strong>\u00a0<br \/>Casa Pepa es propietario de todos los derechos de propiedad intelectual e industrial de su p\u00e1gina web, as\u00ed como de los elementos contenidos en la misma (a t\u00edtulo enunciativo: im\u00e1genes, fotograf\u00edas, sonido, audio, v\u00eddeo, software o textos; marcas o logotipos, combinaciones de colores, estructura y dise\u00f1o, selecci\u00f3n de materiales usados, programas de ordenador necesarios para su funcionamiento, acceso y uso, etc), titularidad de Casa Pepa o bien de sus licenciantes.<br \/>Todos los derechos reservados. En virtud de lo dispuesto en los art\u00edculos 8 y 32.1, p\u00e1rrafo segundo, de la Ley de Propiedad Intelectual, quedan expresamente prohibidas la reproducci\u00f3n, la distribuci\u00f3n y la comunicaci\u00f3n p\u00fablica, incluida su modalidad de puesta a disposici\u00f3n, de la totalidad o parte de los contenidos de esta p\u00e1gina web, con fines comerciales, en cualquier soporte y por cualquier medio t\u00e9cnico, sin la autorizaci\u00f3n del Casa Pepa.<br \/><br \/><strong>5. Exclusi\u00f3n de responsabilidad<\/strong>\u00a0<br \/>www.capepa.es no garantiza la disponibilidad y continuidad del Sitio Web ni se hace responsable de cualesquiera da\u00f1os y perjuicios producidos o que puedan producirse en el futuro, ni de los defectos t\u00e9cnicos, cualquiera que sea su naturaleza, que se deriven del uso de la informaci\u00f3n y de las materias contenidas en la web www.capepa.es.<\/p>\r\n<p><strong>6. Sus derechos<br \/><\/strong>Los interesados podr\u00e1n ejercer en cualquier momento y de forma totalmente gratuita los derechos de acceso, rectificaci\u00f3n y supresi\u00f3n, as\u00ed como solicitar que se limite el tratamiento de sus datos personales, oponerse al mismo, solicitar la portabilidad de estos (siempre que sea t\u00e9cnicamente posible) o retirar el consentimiento prestado.<br \/>Puede ejercitar sus derechos mediante un escrito dirigido a la siguiente direcci\u00f3n Partida Pamis 7-30, 03760 Ondara, Alicante, o mediante e-mail remitido a la siguiente direcci\u00f3n: reservas@capepa.es. En cualquier caso, su solicitud deber\u00e1 acompa\u00f1arse de una fotocopia de su D.N.I. o documento equivalente, con la finalidad de acreditar su identidad.<br \/>En cumplimiento de lo dispuesto en el art\u00edculo 21 de la Ley 34\/2002 de servicios de la sociedad de la informaci\u00f3n y comercio electr\u00f3nico, si usted no desea recibir m\u00e1s informaci\u00f3n sobre nuestros servicios, puede darse de baja enviando un correo electr\u00f3nico a la direcci\u00f3n reservas@capepa.es, con asunto \u201cBAJAS\u201d.<br \/>En caso de que sienta vulnerados sus derechos en lo concerniente a la protecci\u00f3n de sus datos personales, especialmente cuando no haya obtenido satisfacci\u00f3n en el ejercicio de sus derechos, puede presentar una reclamaci\u00f3n ante la Autoridad de Control en materia de Protecci\u00f3n de Datos competente (Agencia Espa\u00f1ola de Protecci\u00f3n de Datos), a trav\u00e9s de su sitio web: <a href=\"http:\/\/www.agpd.es\">www.agpd.es<\/a>.<\/p>\r\n<p><strong>7. Medidas de seguridad &#8211; SSL<\/strong><br \/>El Titular ha contratado para su sitio web un certificado SSL (\u00abSecure Sockets Layer\u00bb).<br \/>Un certificado SSL permite proteger toda la informaci\u00f3n personal y confidencial que se pueda manejar en un sitio web, independientemente de la informaci\u00f3n que se est\u00e9 transmitiendo, como, por ejemplo, desde cualquiera de los formularios de contacto del sitio web hasta el servidor, o los datos introducidos para la suscripci\u00f3n de boletines de noticias o accesos a las \u00e1reas protegidas, etc.<br \/>La direcci\u00f3n del sitio web aparecer\u00e1 en color verde, activ\u00e1ndose el protocolo \u201chttps\u201d que permite conexiones seguras desde un servidor web al navegador del usuario.<\/p>\r\n<p>11\/12\/2020<\/p>\r\n<p><\/p>","protected":false},"excerpt":{"rendered":"<p>Pol\u00edtica de privacidad y Aviso legal 1. Pol\u00edtica de Privacidad\u00a0Restaurante  [&#8230;]<\/p>\n","protected":false},"author":1,"featured_media":0,"parent":0,"menu_order":0,"comment_status":"closed","ping_status":"closed","template":"","meta":{"footnotes":""},"class_list":["post-271","page","type-page","status-publish","hentry"],"yoast_head":"<!-- This site is optimized with the Yoast SEO plugin v27.0 - https:\/\/yoast.com\/product\/yoast-seo-wordpress\/ -->\n<title>Pol\u00edtica de privacidad y Aviso legal - Restaurante Casa Pepa<\/title>\n<meta name=\"robots\" content=\"index, follow, max-snippet:-1, max-image-preview:large, max-video-preview:-1\" \/>\n<link rel=\"canonical\" href=\"https:\/\/capepa.es\/en\/politica-de-privacidad\/\" \/>\n<meta property=\"og:locale\" content=\"en_US\" \/>\n<meta property=\"og:type\" content=\"article\" \/>\n<meta property=\"og:title\" content=\"Pol\u00edtica de privacidad y Aviso legal - Restaurante Casa Pepa\" \/>\n<meta property=\"og:description\" content=\"Pol\u00edtica de privacidad y Aviso legal 1. Pol\u00edtica de Privacidad\u00a0Restaurante [...]\" \/>\n<meta property=\"og:url\" content=\"https:\/\/capepa.es\/en\/politica-de-privacidad\/\" \/>\n<meta property=\"og:site_name\" content=\"Restaurante Casa Pepa\" \/>\n<meta property=\"article:modified_time\" content=\"2020-12-14T10:27:03+00:00\" \/>\n<meta name=\"twitter:card\" content=\"summary_large_image\" \/>\n<meta name=\"twitter:label1\" content=\"Est. reading time\" \/>\n\t<meta name=\"twitter:data1\" content=\"7 minutes\" \/>\n<script type=\"application\/ld+json\" class=\"yoast-schema-graph\">{\"@context\":\"https:\/\/schema.org\",\"@graph\":[{\"@type\":\"WebPage\",\"@id\":\"https:\/\/capepa.es\/en\/politica-de-privacidad\/\",\"url\":\"https:\/\/capepa.es\/en\/politica-de-privacidad\/\",\"name\":\"Pol\u00edtica de privacidad y Aviso legal - Restaurante Casa Pepa\",\"isPartOf\":{\"@id\":\"https:\/\/capepa.es\/en\/#website\"},\"datePublished\":\"2019-07-13T08:35:34+00:00\",\"dateModified\":\"2020-12-14T10:27:03+00:00\",\"breadcrumb\":{\"@id\":\"https:\/\/capepa.es\/en\/politica-de-privacidad\/#breadcrumb\"},\"inLanguage\":\"en-US\",\"potentialAction\":[{\"@type\":\"ReadAction\",\"target\":[\"https:\/\/capepa.es\/en\/politica-de-privacidad\/\"]}]},{\"@type\":\"BreadcrumbList\",\"@id\":\"https:\/\/capepa.es\/en\/politica-de-privacidad\/#breadcrumb\",\"itemListElement\":[{\"@type\":\"ListItem\",\"position\":1,\"name\":\"Home\",\"item\":\"https:\/\/capepa.es\/en\/\"},{\"@type\":\"ListItem\",\"position\":2,\"name\":\"Pol\u00edtica de privacidad y Aviso legal\"}]},{\"@type\":\"WebSite\",\"@id\":\"https:\/\/capepa.es\/en\/#website\",\"url\":\"https:\/\/capepa.es\/en\/\",\"name\":\"Restaurante Casa Pepa\",\"description\":\"\",\"potentialAction\":[{\"@type\":\"SearchAction\",\"target\":{\"@type\":\"EntryPoint\",\"urlTemplate\":\"https:\/\/capepa.es\/en\/?s={search_term_string}\"},\"query-input\":{\"@type\":\"PropertyValueSpecification\",\"valueRequired\":true,\"valueName\":\"search_term_string\"}}],\"inLanguage\":\"en-US\"}]}<\/script>\n<!-- \/ Yoast SEO plugin. -->","yoast_head_json":{"title":"Pol\u00edtica de privacidad y Aviso legal - Restaurante Casa Pepa","robots":{"index":"index","follow":"follow","max-snippet":"max-snippet:-1","max-image-preview":"max-image-preview:large","max-video-preview":"max-video-preview:-1"},"canonical":"https:\/\/capepa.es\/en\/politica-de-privacidad\/","og_locale":"en_US","og_type":"article","og_title":"Pol\u00edtica de privacidad y Aviso legal - Restaurante Casa Pepa","og_description":"Pol\u00edtica de privacidad y Aviso legal 1. Pol\u00edtica de Privacidad\u00a0Restaurante [...]","og_url":"https:\/\/capepa.es\/en\/politica-de-privacidad\/","og_site_name":"Restaurante Casa Pepa","article_modified_time":"2020-12-14T10:27:03+00:00","twitter_card":"summary_large_image","twitter_misc":{"Est. reading time":"7 minutes"},"schema":{"@context":"https:\/\/schema.org","@graph":[{"@type":"WebPage","@id":"https:\/\/capepa.es\/en\/politica-de-privacidad\/","url":"https:\/\/capepa.es\/en\/politica-de-privacidad\/","name":"Pol\u00edtica de privacidad y Aviso legal - Restaurante Casa Pepa","isPartOf":{"@id":"https:\/\/capepa.es\/en\/#website"},"datePublished":"2019-07-13T08:35:34+00:00","dateModified":"2020-12-14T10:27:03+00:00","breadcrumb":{"@id":"https:\/\/capepa.es\/en\/politica-de-privacidad\/#breadcrumb"},"inLanguage":"en-US","potentialAction":[{"@type":"ReadAction","target":["https:\/\/capepa.es\/en\/politica-de-privacidad\/"]}]},{"@type":"BreadcrumbList","@id":"https:\/\/capepa.es\/en\/politica-de-privacidad\/#breadcrumb","itemListElement":[{"@type":"ListItem","position":1,"name":"Home","item":"https:\/\/capepa.es\/en\/"},{"@type":"ListItem","position":2,"name":"Pol\u00edtica de privacidad y Aviso legal"}]},{"@type":"WebSite","@id":"https:\/\/capepa.es\/en\/#website","url":"https:\/\/capepa.es\/en\/","name":"Restaurante Casa Pepa","description":"","potentialAction":[{"@type":"SearchAction","target":{"@type":"EntryPoint","urlTemplate":"https:\/\/capepa.es\/en\/?s={search_term_string}"},"query-input":{"@type":"PropertyValueSpecification","valueRequired":true,"valueName":"search_term_string"}}],"inLanguage":"en-US"}]}},"_links":{"self":[{"href":"https:\/\/capepa.es\/en\/wp-json\/wp\/v2\/pages\/271","targetHints":{"allow":["GET"]}}],"collection":[{"href":"https:\/\/capepa.es\/en\/wp-json\/wp\/v2\/pages"}],"about":[{"href":"https:\/\/capepa.es\/en\/wp-json\/wp\/v2\/types\/page"}],"author":[{"embeddable":true,"href":"https:\/\/capepa.es\/en\/wp-json\/wp\/v2\/users\/1"}],"replies":[{"embeddable":true,"href":"https:\/\/capepa.es\/en\/wp-json\/wp\/v2\/comments?post=271"}],"version-history":[{"count":4,"href":"https:\/\/capepa.es\/en\/wp-json\/wp\/v2\/pages\/271\/revisions"}],"predecessor-version":[{"id":913,"href":"https:\/\/capepa.es\/en\/wp-json\/wp\/v2\/pages\/271\/revisions\/913"}],"wp:attachment":[{"href":"https:\/\/capepa.es\/en\/wp-json\/wp\/v2\/media?parent=271"}],"curies":[{"name":"wp","href":"https:\/\/api.w.org\/{rel}","templated":true}]}}