{"id":269,"date":"2019-07-14T09:48:11","date_gmt":"2019-07-14T09:48:11","guid":{"rendered":"https:\/\/capepa.es\/evolucion\/"},"modified":"2024-09-29T11:45:36","modified_gmt":"2024-09-29T11:45:36","slug":"evolution","status":"publish","type":"page","link":"https:\/\/capepa.es\/en\/evolution\/","title":{"rendered":"EVOLUTION"},"content":{"rendered":"<p><div class=\"fusion-fullwidth fullwidth-box fusion-builder-row-1 nonhundred-percent-fullwidth non-hundred-percent-height-scrolling\" style=\"--awb-border-radius-top-left:0px;--awb-border-radius-top-right:0px;--awb-border-radius-bottom-right:0px;--awb-border-radius-bottom-left:0px;--awb-flex-wrap:wrap;\" ><div class=\"fusion-builder-row fusion-row\"><div class=\"fusion-layout-column fusion_builder_column fusion-builder-column-0 fusion_builder_column_1_1 1_1 fusion-one-full fusion-column-first fusion-column-last\" style=\"--awb-bg-blend:overlay;--awb-bg-size:cover;\"><div class=\"fusion-column-wrapper fusion-column-has-shadow fusion-flex-column-wrapper-legacy\"><div class=\"fusion-text fusion-text-1\"><p>Since July 2019, Casa Pepa has become part of the <a href=\"https:\/\/grupobonamb.com\/\" target=\"_blank\" rel=\"noopener\"><strong>BonAmb Group<\/strong><\/a>. <strong><a href=\"https:\/\/bonamb.com\/en\/\" target=\"_blank\" rel=\"noopener\">BonAmb Restaurant<\/a><\/strong> in J\u00e1vea <a href=\"https:\/\/bonamb.com\/en\/the-roots\/alberto-ferruz\/\" target=\"_blank\" rel=\"noopener\">(<strong>Alberto Ferruz<\/strong><\/a>) has two Michelin stars and three Repsol suns. BonAmb decided to enter into this project to continue promoting the gastronomy of the Marina Alta and above all to continue the legacy that Pepa Romans began more than thirty years ago.<\/p>\n<p>Casa Pepa has facilities that allow both Casa Pepa and BonAmb to hold large events for up to 250 guests.<\/p>\n<\/div><div class=\"fusion-clearfix\"><\/div><\/div><\/div><\/div><\/div><div class=\"fusion-fullwidth fullwidth-box fusion-builder-row-2 has-pattern-background has-mask-background nonhundred-percent-fullwidth non-hundred-percent-height-scrolling fusion-equal-height-columns fusion-no-small-visibility\" style=\"--awb-border-radius-top-left:0px;--awb-border-radius-top-right:0px;--awb-border-radius-bottom-right:0px;--awb-border-radius-bottom-left:0px;--awb-flex-wrap:wrap;\" ><div class=\"fusion-builder-row fusion-row\"><div class=\"fusion-layout-column fusion_builder_column fusion-builder-column-1 fusion_builder_column_1_2 1_2 fusion-one-half fusion-column-first\" style=\"--awb-bg-size:cover;width:50%;width:calc(50% - ( ( 4% ) * 0.5 ) );margin-right: 4%;\" data-scroll-devices=\"small-visibility,medium-visibility,large-visibility\"><div class=\"fusion-column-wrapper fusion-column-has-shadow fusion-flex-column-wrapper-legacy\"><div class=\"fusion-column-content-centered\"><div class=\"fusion-column-content\"><div class=\"fusion-title title fusion-title-1 fusion-sep-none fusion-title-text fusion-title-size-one\"><h1 class=\"fusion-title-heading title-heading-left fusion-responsive-typography-calculated\" style=\"margin:0;--fontSize:28;line-height:1.4;\"><strong><span style=\"color: #e3541b;\">Emmanuelle Baron <\/span><\/strong><span style=\"color: #e3541b;\">Chef<\/span><\/h1><\/div><div class=\"fusion-text fusion-text-2\"><p>Our chef Emmanuelle Baron has lived half of her life in Spain, achieving the perfect combination of the best qualities of Spanish gastronomy with the best of French gastronomy, her home country.<\/p>\n<p>Born at the end of January 1987, Emmanuelle felt the passion for cooking since she was very young. This led her, at just 15 years old, to begin her training in gastronomy at the \u00c9cole hoteli\u00e8re SAINT MICHEL MONT MERCURE (Vendr\u00e9e, France). Her specialization would come only two years later, studying at the \u00c9cole hoteli\u00e8re LA BONNAUDERIE in Cholet.<\/p>\n<\/div><\/div><\/div><div class=\"fusion-clearfix\"><\/div><\/div><\/div><div class=\"fusion-layout-column fusion_builder_column fusion-builder-column-2 fusion_builder_column_1_2 1_2 fusion-one-half fusion-column-last\" style=\"--awb-bg-size:cover;width:50%;width:calc(50% - ( ( 4% ) * 0.5 ) );\"><div class=\"fusion-column-wrapper fusion-column-has-shadow fusion-flex-column-wrapper-legacy\"><div class=\"fusion-image-element in-legacy-container\" style=\"--awb-caption-title-font-family:var(--h2_typography-font-family);--awb-caption-title-font-weight:var(--h2_typography-font-weight);--awb-caption-title-font-style:var(--h2_typography-font-style);--awb-caption-title-size:var(--h2_typography-font-size);--awb-caption-title-transform:var(--h2_typography-text-transform);--awb-caption-title-line-height:var(--h2_typography-line-height);--awb-caption-title-letter-spacing:var(--h2_typography-letter-spacing);\"><span class=\" fusion-imageframe imageframe-none imageframe-1 awb-imageframe-style awb-imageframe-style-dario\"><img decoding=\"async\" width=\"2560\" height=\"1707\" alt=\"Emmanuelle Baron, Chef Casa Pepa\" title=\"Emmanuelle Baron, Chef Casa Pepa\" src=\"https:\/\/capepa.es\/wp-content\/uploads\/2023\/10\/emmanuelle-juan-casa-pepa-6-scaled.jpg\" class=\"img-responsive wp-image-2855\" srcset=\"https:\/\/capepa.es\/wp-content\/uploads\/2023\/10\/emmanuelle-juan-casa-pepa-6-200x133.jpg 200w, https:\/\/capepa.es\/wp-content\/uploads\/2023\/10\/emmanuelle-juan-casa-pepa-6-400x267.jpg 400w, https:\/\/capepa.es\/wp-content\/uploads\/2023\/10\/emmanuelle-juan-casa-pepa-6-600x400.jpg 600w, https:\/\/capepa.es\/wp-content\/uploads\/2023\/10\/emmanuelle-juan-casa-pepa-6-800x533.jpg 800w, https:\/\/capepa.es\/wp-content\/uploads\/2023\/10\/emmanuelle-juan-casa-pepa-6-1200x800.jpg 1200w, https:\/\/capepa.es\/wp-content\/uploads\/2023\/10\/emmanuelle-juan-casa-pepa-6-scaled.jpg 2560w\" sizes=\"(max-width: 800px) 100vw, 800px\" \/><div class=\"awb-imageframe-caption-container\"><div class=\"awb-imageframe-caption\"><h2 class=\"awb-imageframe-caption-title\">Emmanuelle Baron, Chef Casa Pepa<\/h2><p class=\"awb-imageframe-caption-text\">\u201cIn the kitchen the important thing is to never lose the desire to learn.\u201d<\/p><\/div><\/div><\/span><\/div><div class=\"fusion-clearfix\"><\/div><\/div><\/div><\/div><\/div><div class=\"fusion-fullwidth fullwidth-box fusion-builder-row-3 has-pattern-background has-mask-background nonhundred-percent-fullwidth non-hundred-percent-height-scrolling fusion-equal-height-columns fusion-no-small-visibility\" style=\"--awb-border-radius-top-left:0px;--awb-border-radius-top-right:0px;--awb-border-radius-bottom-right:0px;--awb-border-radius-bottom-left:0px;--awb-flex-wrap:wrap;\" ><div class=\"fusion-builder-row fusion-row\"><div class=\"fusion-layout-column fusion_builder_column fusion-builder-column-3 fusion_builder_column_1_3 1_3 fusion-one-third fusion-column-first\" style=\"--awb-bg-size:cover;width:33.333333333333%;width:calc(33.333333333333% - ( ( 4% ) * 0.33333333333333 ) );margin-right: 4%;\"><div class=\"fusion-column-wrapper fusion-column-has-shadow fusion-flex-column-wrapper-legacy\"><div class=\"fusion-image-element in-legacy-container\" style=\"--awb-caption-title-font-family:var(--h2_typography-font-family);--awb-caption-title-font-weight:var(--h2_typography-font-weight);--awb-caption-title-font-style:var(--h2_typography-font-style);--awb-caption-title-size:var(--h2_typography-font-size);--awb-caption-title-transform:var(--h2_typography-text-transform);--awb-caption-title-line-height:var(--h2_typography-line-height);--awb-caption-title-letter-spacing:var(--h2_typography-letter-spacing);\"><span class=\" fusion-imageframe imageframe-none imageframe-2 hover-type-none\"><img decoding=\"async\" width=\"2560\" height=\"1707\" alt=\"Emmanuelle Baron, Chef Casa Pepa\" title=\"Emmanuelle Baron, Chef Casa Pepa\" src=\"https:\/\/capepa.es\/wp-content\/uploads\/2023\/10\/Emmanuelle-Baron-Casa-Pepa7-1-scaled-e1696414812295.jpg\" class=\"img-responsive wp-image-2853\"\/><\/span><\/div><div class=\"fusion-clearfix\"><\/div><\/div><\/div><div class=\"fusion-layout-column fusion_builder_column fusion-builder-column-4 fusion_builder_column_2_3 2_3 fusion-two-third fusion-column-last\" style=\"--awb-bg-size:cover;width:66.666666666667%;width:calc(66.666666666667% - ( ( 4% ) * 0.66666666666667 ) );\" data-scroll-devices=\"small-visibility,medium-visibility,large-visibility\"><div class=\"fusion-column-wrapper fusion-column-has-shadow fusion-flex-column-wrapper-legacy\"><div class=\"fusion-column-content-centered\"><div class=\"fusion-column-content\"><div class=\"fusion-text fusion-text-3 awb-text-cols fusion-text-columns-2\" style=\"--awb-columns:2;--awb-column-spacing:2em;--awb-column-min-width:100px;\"><p>Her professional career began while she was studying, doing an internship at the Bistros d&#8217; Encenis restaurant (2002 \u2013 2004) and at the 5-star Hotel Restaurant La Chaumiere (2004 \u2013 2006). Right after this period, she worked together with <strong><a href=\"https:\/\/bonamb.com\/en\/the-roots\/alberto-ferruz\/\" target=\"_blank\" rel=\"noopener\">chef Alberto Ferruz<\/a><\/strong> of our <a href=\"https:\/\/bonamb.com\/en\/\" target=\"_blank\" rel=\"noopener\"><strong>Restaurante BonAmb<\/strong><\/a>, being his second chef at the El Segaria Restaurant of the Marriott Hotel in Denia, at that time supervised by chef Quique Dacosta.<\/p>\n<p>Because of her eagerness and desire to improve, Emmanuelle never stopped learning and kept training. Between 2009 and 2010 she was head of a division at Atelier Joel Robuchon, London Covent Garden. In 2016 she did an internship at the prestigious Lasarte run by Martin Berasategui (3 Michelin Stars and 3 Repsol Suns).<\/p>\n<p>Then, in 2011 she began working for the <strong><a href=\"https:\/\/grupobonamb.com\/\" target=\"_blank\" rel=\"noopener\">BonAmb Group<\/a><\/strong>, being for 12 years the right hand of chef Alberto Ferruz at <strong><a href=\"https:\/\/bonamb.com\/en\/\" target=\"_blank\" rel=\"noopener\">BonAmb Restaurant<\/a><\/strong> (2 Michelin Stars and 3 Repsol Suns).<\/p>\n<p>Since 2019 she worked as a gastronomic advisor at Restaurante Casa Pepa, taking the reins since 2023, now being the responsible chef of this restaurant with 1 Michelin Star and 2 Repsol Suns.<\/p>\n<\/div><\/div><\/div><div class=\"fusion-clearfix\"><\/div><\/div><\/div><\/div><\/div><div class=\"fusion-fullwidth fullwidth-box fusion-builder-row-4 has-pattern-background has-mask-background nonhundred-percent-fullwidth non-hundred-percent-height-scrolling fusion-equal-height-columns fusion-no-medium-visibility fusion-no-large-visibility\" style=\"--awb-border-radius-top-left:0px;--awb-border-radius-top-right:0px;--awb-border-radius-bottom-right:0px;--awb-border-radius-bottom-left:0px;--awb-flex-wrap:wrap;\" ><div class=\"fusion-builder-row fusion-row\"><div class=\"fusion-layout-column fusion_builder_column fusion-builder-column-5 fusion_builder_column_1_2 1_2 fusion-one-half fusion-column-first\" style=\"--awb-bg-size:cover;width:50%;width:calc(50% - ( ( 4% ) * 0.5 ) );margin-right: 4%;\"><div class=\"fusion-column-wrapper fusion-column-has-shadow fusion-flex-column-wrapper-legacy\"><div class=\"fusion-title title fusion-title-2 fusion-sep-none fusion-title-text fusion-title-size-one\"><h1 class=\"fusion-title-heading title-heading-left fusion-responsive-typography-calculated\" style=\"margin:0;--fontSize:28;line-height:1.4;\"><strong><span style=\"color: #e3541b;\">Emmanuelle Baron <\/span><\/strong><span style=\"color: #e3541b;\">Chef<\/span><\/h1><\/div><div class=\"fusion-image-element in-legacy-container\" style=\"--awb-caption-title-font-family:var(--h2_typography-font-family);--awb-caption-title-font-weight:var(--h2_typography-font-weight);--awb-caption-title-font-style:var(--h2_typography-font-style);--awb-caption-title-size:var(--h2_typography-font-size);--awb-caption-title-transform:var(--h2_typography-text-transform);--awb-caption-title-line-height:var(--h2_typography-line-height);--awb-caption-title-letter-spacing:var(--h2_typography-letter-spacing);\"><span class=\" fusion-imageframe imageframe-none imageframe-3 awb-imageframe-style awb-imageframe-style-dario\"><img decoding=\"async\" width=\"1024\" height=\"683\" alt=\"Emmanuelle Baron, Chef Casa Pepa\" title=\"Emmanuelle Baron, Chef Casa Pepa\" src=\"https:\/\/capepa.es\/wp-content\/uploads\/2023\/10\/emmanuelle-juan-casa-pepa-6-1024x683.jpg\" class=\"img-responsive wp-image-2855\" srcset=\"https:\/\/capepa.es\/wp-content\/uploads\/2023\/10\/emmanuelle-juan-casa-pepa-6-200x133.jpg 200w, https:\/\/capepa.es\/wp-content\/uploads\/2023\/10\/emmanuelle-juan-casa-pepa-6-400x267.jpg 400w, https:\/\/capepa.es\/wp-content\/uploads\/2023\/10\/emmanuelle-juan-casa-pepa-6-600x400.jpg 600w, https:\/\/capepa.es\/wp-content\/uploads\/2023\/10\/emmanuelle-juan-casa-pepa-6-800x533.jpg 800w, https:\/\/capepa.es\/wp-content\/uploads\/2023\/10\/emmanuelle-juan-casa-pepa-6-1200x800.jpg 1200w\" sizes=\"(max-width: 800px) 100vw, 800px\" \/><div class=\"awb-imageframe-caption-container\"><div class=\"awb-imageframe-caption\"><h2 class=\"awb-imageframe-caption-title\">Emmanuelle Baron, Chef Casa Pepa<\/h2><p class=\"awb-imageframe-caption-text\">\u201cIn the kitchen the important thing is to never lose the desire to learn.\u201d<\/p><\/div><\/div><\/span><\/div><div class=\"fusion-clearfix\"><\/div><\/div><\/div><div class=\"fusion-layout-column fusion_builder_column fusion-builder-column-6 fusion_builder_column_1_2 1_2 fusion-one-half fusion-column-last\" style=\"--awb-bg-size:cover;width:50%;width:calc(50% - ( ( 4% ) * 0.5 ) );\"><div class=\"fusion-column-wrapper fusion-column-has-shadow fusion-flex-column-wrapper-legacy\"><div class=\"fusion-text fusion-text-4\"><p>Our chef Emmanuelle Baron has lived half of her life in Spain, achieving the perfect combination of the best qualities of Spanish gastronomy with the best of French gastronomy, her home country.<\/p>\n<p>Born at the end of January 1987, Emmanuelle felt the passion for cooking since she was very young. This led her, at just 15 years old, to begin her training in gastronomy at the \u00c9cole hoteli\u00e8re SAINT MICHEL MONT MERCURE (Vendr\u00e9e, France). Her specialization would come only two years later, studying at the \u00c9cole hoteli\u00e8re LA BONNAUDERIE in Cholet.<\/p>\n<\/div><div class=\"fusion-clearfix\"><\/div><\/div><\/div><div class=\"fusion-layout-column fusion_builder_column fusion-builder-column-7 fusion_builder_column_1_3 1_3 fusion-one-third fusion-column-first\" style=\"--awb-bg-size:cover;width:33.333333333333%;width:calc(33.333333333333% - ( ( 4% ) * 0.33333333333333 ) );margin-right: 4%;\"><div class=\"fusion-column-wrapper fusion-column-has-shadow fusion-flex-column-wrapper-legacy\"><div class=\"fusion-image-element in-legacy-container\" style=\"--awb-caption-title-font-family:var(--h2_typography-font-family);--awb-caption-title-font-weight:var(--h2_typography-font-weight);--awb-caption-title-font-style:var(--h2_typography-font-style);--awb-caption-title-size:var(--h2_typography-font-size);--awb-caption-title-transform:var(--h2_typography-text-transform);--awb-caption-title-line-height:var(--h2_typography-line-height);--awb-caption-title-letter-spacing:var(--h2_typography-letter-spacing);\"><span class=\" fusion-imageframe imageframe-none imageframe-4 hover-type-none\"><img decoding=\"async\" width=\"2560\" height=\"1707\" alt=\"Emmanuelle Baron, Chef Casa Pepa\" title=\"Emmanuelle Baron, Chef Casa Pepa\" src=\"https:\/\/capepa.es\/wp-content\/uploads\/2023\/10\/Emmanuelle-Baron-Casa-Pepa7-1-scaled-e1696414812295.jpg\" class=\"img-responsive wp-image-2853\"\/><\/span><\/div><div class=\"fusion-clearfix\"><\/div><\/div><\/div><div class=\"fusion-layout-column fusion_builder_column fusion-builder-column-8 fusion_builder_column_2_3 2_3 fusion-two-third fusion-column-last\" style=\"--awb-bg-size:cover;width:66.666666666667%;width:calc(66.666666666667% - ( ( 4% ) * 0.66666666666667 ) );\" data-scroll-devices=\"small-visibility,medium-visibility,large-visibility\"><div class=\"fusion-column-wrapper fusion-column-has-shadow fusion-flex-column-wrapper-legacy\"><div class=\"fusion-column-content-centered\"><div class=\"fusion-column-content\"><div class=\"fusion-text fusion-text-5\"><p>Her professional career began while she was studying, doing an internship at the Bistros d&#8217; Encenis restaurant (2002 \u2013 2004) and at the 5-star Hotel Restaurant La Chaumiere (2004 \u2013 2006). Right after this period, she worked together with <strong><a href=\"https:\/\/bonamb.com\/en\/the-roots\/alberto-ferruz\/\" target=\"_blank\" rel=\"noopener\">chef Alberto Ferruz<\/a><\/strong> of our <a href=\"https:\/\/bonamb.com\/en\/\" target=\"_blank\" rel=\"noopener\"><strong>Restaurante BonAmb<\/strong><\/a>, being his second chef at the El Segaria Restaurant of the Marriott Hotel in Denia, at that time supervised by chef Quique Dacosta.<\/p>\n<p>Because of her eagerness and desire to improve, Emmanuelle never stopped learning and kept training. Between 2009 and 2010 she was head of a division at Atelier Joel Robuchon, London Covent Garden. In 2016 she did an internship at the prestigious Lasarte run by Martin Berasategui (3 Michelin Stars and 3 Repsol Suns).<\/p>\n<p>Then, in 2011 she began working for the <strong><a href=\"https:\/\/grupobonamb.com\/\" target=\"_blank\" rel=\"noopener\">BonAmb Group<\/a><\/strong>, being for 12 years the right hand of chef Alberto Ferruz at <strong><a href=\"https:\/\/bonamb.com\/en\/\" target=\"_blank\" rel=\"noopener\">BonAmb Restaurant<\/a><\/strong> (2 Michelin Stars and 3 Repsol Suns).<\/p>\n<p>Since 2019 she worked as a gastronomic advisor at Restaurante Casa Pepa, taking the reins since 2023, now being the responsible chef of this restaurant with 1 Michelin Star and 2 Repsol Suns.<\/p>\n<\/div><\/div><\/div><div class=\"fusion-clearfix\"><\/div><\/div><\/div><\/div><\/div><\/p>\n","protected":false},"excerpt":{"rendered":"","protected":false},"author":1,"featured_media":0,"parent":0,"menu_order":0,"comment_status":"closed","ping_status":"closed","template":"","meta":{"footnotes":""},"class_list":["post-269","page","type-page","status-publish","hentry"],"yoast_head":"<!-- This site is optimized with the Yoast SEO plugin v27.0 - https:\/\/yoast.com\/product\/yoast-seo-wordpress\/ -->\n<title>EVOLUTION - Restaurante Casa Pepa<\/title>\n<meta name=\"robots\" content=\"index, follow, max-snippet:-1, max-image-preview:large, max-video-preview:-1\" \/>\n<link rel=\"canonical\" href=\"https:\/\/capepa.es\/en\/evolution\/\" \/>\n<meta property=\"og:locale\" content=\"en_US\" \/>\n<meta property=\"og:type\" content=\"article\" \/>\n<meta property=\"og:title\" content=\"EVOLUTION - Restaurante Casa Pepa\" \/>\n<meta property=\"og:url\" content=\"https:\/\/capepa.es\/en\/evolution\/\" \/>\n<meta property=\"og:site_name\" content=\"Restaurante Casa Pepa\" \/>\n<meta property=\"article:modified_time\" content=\"2024-09-29T11:45:36+00:00\" \/>\n<meta name=\"twitter:card\" content=\"summary_large_image\" \/>\n<meta name=\"twitter:label1\" content=\"Est. reading time\" \/>\n\t<meta name=\"twitter:data1\" content=\"52 minutes\" \/>\n<script type=\"application\/ld+json\" class=\"yoast-schema-graph\">{\"@context\":\"https:\/\/schema.org\",\"@graph\":[{\"@type\":\"WebPage\",\"@id\":\"https:\/\/capepa.es\/en\/evolution\/\",\"url\":\"https:\/\/capepa.es\/en\/evolution\/\",\"name\":\"EVOLUTION - Restaurante Casa Pepa\",\"isPartOf\":{\"@id\":\"https:\/\/capepa.es\/en\/#website\"},\"datePublished\":\"2019-07-14T09:48:11+00:00\",\"dateModified\":\"2024-09-29T11:45:36+00:00\",\"breadcrumb\":{\"@id\":\"https:\/\/capepa.es\/en\/evolution\/#breadcrumb\"},\"inLanguage\":\"en-US\",\"potentialAction\":[{\"@type\":\"ReadAction\",\"target\":[\"https:\/\/capepa.es\/en\/evolution\/\"]}]},{\"@type\":\"BreadcrumbList\",\"@id\":\"https:\/\/capepa.es\/en\/evolution\/#breadcrumb\",\"itemListElement\":[{\"@type\":\"ListItem\",\"position\":1,\"name\":\"Home\",\"item\":\"https:\/\/capepa.es\/en\/\"},{\"@type\":\"ListItem\",\"position\":2,\"name\":\"EVOLUTION\"}]},{\"@type\":\"WebSite\",\"@id\":\"https:\/\/capepa.es\/en\/#website\",\"url\":\"https:\/\/capepa.es\/en\/\",\"name\":\"Restaurante Casa Pepa\",\"description\":\"\",\"potentialAction\":[{\"@type\":\"SearchAction\",\"target\":{\"@type\":\"EntryPoint\",\"urlTemplate\":\"https:\/\/capepa.es\/en\/?s={search_term_string}\"},\"query-input\":{\"@type\":\"PropertyValueSpecification\",\"valueRequired\":true,\"valueName\":\"search_term_string\"}}],\"inLanguage\":\"en-US\"}]}<\/script>\n<!-- \/ Yoast SEO plugin. -->","yoast_head_json":{"title":"EVOLUTION - Restaurante Casa Pepa","robots":{"index":"index","follow":"follow","max-snippet":"max-snippet:-1","max-image-preview":"max-image-preview:large","max-video-preview":"max-video-preview:-1"},"canonical":"https:\/\/capepa.es\/en\/evolution\/","og_locale":"en_US","og_type":"article","og_title":"EVOLUTION - Restaurante Casa Pepa","og_url":"https:\/\/capepa.es\/en\/evolution\/","og_site_name":"Restaurante Casa Pepa","article_modified_time":"2024-09-29T11:45:36+00:00","twitter_card":"summary_large_image","twitter_misc":{"Est. reading time":"52 minutes"},"schema":{"@context":"https:\/\/schema.org","@graph":[{"@type":"WebPage","@id":"https:\/\/capepa.es\/en\/evolution\/","url":"https:\/\/capepa.es\/en\/evolution\/","name":"EVOLUTION - Restaurante Casa Pepa","isPartOf":{"@id":"https:\/\/capepa.es\/en\/#website"},"datePublished":"2019-07-14T09:48:11+00:00","dateModified":"2024-09-29T11:45:36+00:00","breadcrumb":{"@id":"https:\/\/capepa.es\/en\/evolution\/#breadcrumb"},"inLanguage":"en-US","potentialAction":[{"@type":"ReadAction","target":["https:\/\/capepa.es\/en\/evolution\/"]}]},{"@type":"BreadcrumbList","@id":"https:\/\/capepa.es\/en\/evolution\/#breadcrumb","itemListElement":[{"@type":"ListItem","position":1,"name":"Home","item":"https:\/\/capepa.es\/en\/"},{"@type":"ListItem","position":2,"name":"EVOLUTION"}]},{"@type":"WebSite","@id":"https:\/\/capepa.es\/en\/#website","url":"https:\/\/capepa.es\/en\/","name":"Restaurante Casa Pepa","description":"","potentialAction":[{"@type":"SearchAction","target":{"@type":"EntryPoint","urlTemplate":"https:\/\/capepa.es\/en\/?s={search_term_string}"},"query-input":{"@type":"PropertyValueSpecification","valueRequired":true,"valueName":"search_term_string"}}],"inLanguage":"en-US"}]}},"_links":{"self":[{"href":"https:\/\/capepa.es\/en\/wp-json\/wp\/v2\/pages\/269","targetHints":{"allow":["GET"]}}],"collection":[{"href":"https:\/\/capepa.es\/en\/wp-json\/wp\/v2\/pages"}],"about":[{"href":"https:\/\/capepa.es\/en\/wp-json\/wp\/v2\/types\/page"}],"author":[{"embeddable":true,"href":"https:\/\/capepa.es\/en\/wp-json\/wp\/v2\/users\/1"}],"replies":[{"embeddable":true,"href":"https:\/\/capepa.es\/en\/wp-json\/wp\/v2\/comments?post=269"}],"version-history":[{"count":38,"href":"https:\/\/capepa.es\/en\/wp-json\/wp\/v2\/pages\/269\/revisions"}],"predecessor-version":[{"id":3733,"href":"https:\/\/capepa.es\/en\/wp-json\/wp\/v2\/pages\/269\/revisions\/3733"}],"wp:attachment":[{"href":"https:\/\/capepa.es\/en\/wp-json\/wp\/v2\/media?parent=269"}],"curies":[{"name":"wp","href":"https:\/\/api.w.org\/{rel}","templated":true}]}}